{"id":2,"date":"2008-12-20T15:29:44","date_gmt":"2008-12-20T13:29:44","guid":{"rendered":"http:\/\/www.toppariaudit.fi\/suomeksi\/?page_id=2"},"modified":"2025-01-22T15:47:22","modified_gmt":"2025-01-22T13:47:22","slug":"about","status":"publish","type":"page","link":"http:\/\/www.toppariaudit.fi\/suomeksi\/?page_id=2","title":{"rendered":"Yritys"},"content":{"rendered":"<p>Tilintarkastustoiminta on aloitettu vuonna 2008 ja kotipaikkana Espoo. Kohdeasiakkaina ovat erityisesti omistajajohdetut yhti\u00f6t sek\u00e4 asunto-osakeyhti\u00f6t.<\/p>\n<table border=\"0\" cellspacing=\"4\" align=\"left\">\n<tbody>\n<tr>\n<td><img decoding=\"async\" src=\"http:\/\/www.toppariaudit.fi\/suomeksi\/wp-content\/uploads\/2008\/12\/kuvajt.jpg\" alt=\"\" \/><\/td>\n<\/tr>\n<\/tbody>\n<\/table>\n<h2>Jan Toppari<\/h2>\n<p>KHT -tilintarkastaja<\/p>\n<p>CIA -sis\u00e4inen tarkastaja<\/p>\n<p>KRT -kest\u00e4vyysraportointi tarkastaja<\/p>\n<p>Kauppatieteiden Maisteri<\/p>\n<p>Tilintarkastuksen ty\u00f6kokemusta kertynyt oman toimiston kautta vuodesta 2008. Ennen oman toimiston perustamista ty\u00f6skennellyt yhti\u00f6iss\u00e4 kuten Fortum, KPMG, Nortel (UK), Konecranes sek\u00e4 Volvo.<\/p>\n<div><\/div>\n","protected":false},"excerpt":{"rendered":"<p>Tilintarkastustoiminta on aloitettu vuonna 2008 ja kotipaikkana Espoo. Kohdeasiakkaina ovat erityisesti omistajajohdetut yhti\u00f6t sek\u00e4 asunto-osakeyhti\u00f6t. Jan Toppari KHT -tilintarkastaja CIA -sis\u00e4inen tarkastaja KRT -kest\u00e4vyysraportointi tarkastaja Kauppatieteiden Maisteri Tilintarkastuksen ty\u00f6kokemusta kertynyt oman toimiston kautta vuodesta 2008. Ennen oman toimiston perustamista ty\u00f6skennellyt yhti\u00f6iss\u00e4 kuten Fortum, KPMG, Nortel (UK), Konecranes sek\u00e4 Volvo.<\/p>\n","protected":false},"author":1,"featured_media":0,"parent":0,"menu_order":1,"comment_status":"closed","ping_status":"closed","template":"","meta":[],"_links":{"self":[{"href":"http:\/\/www.toppariaudit.fi\/suomeksi\/index.php?rest_route=\/wp\/v2\/pages\/2"}],"collection":[{"href":"http:\/\/www.toppariaudit.fi\/suomeksi\/index.php?rest_route=\/wp\/v2\/pages"}],"about":[{"href":"http:\/\/www.toppariaudit.fi\/suomeksi\/index.php?rest_route=\/wp\/v2\/types\/page"}],"author":[{"embeddable":true,"href":"http:\/\/www.toppariaudit.fi\/suomeksi\/index.php?rest_route=\/wp\/v2\/users\/1"}],"replies":[{"embeddable":true,"href":"http:\/\/www.toppariaudit.fi\/suomeksi\/index.php?rest_route=%2Fwp%2Fv2%2Fcomments&post=2"}],"version-history":[{"count":76,"href":"http:\/\/www.toppariaudit.fi\/suomeksi\/index.php?rest_route=\/wp\/v2\/pages\/2\/revisions"}],"predecessor-version":[{"id":356,"href":"http:\/\/www.toppariaudit.fi\/suomeksi\/index.php?rest_route=\/wp\/v2\/pages\/2\/revisions\/356"}],"wp:attachment":[{"href":"http:\/\/www.toppariaudit.fi\/suomeksi\/index.php?rest_route=%2Fwp%2Fv2%2Fmedia&parent=2"}],"curies":[{"name":"wp","href":"https:\/\/api.w.org\/{rel}","templated":true}]}}