{"id":2,"date":"2008-12-20T15:29:44","date_gmt":"2008-12-20T13:29:44","guid":{"rendered":"http:\/\/www.toppariaudit.fi\/suomeksi\/?page_id=2"},"modified":"2025-01-22T15:56:46","modified_gmt":"2025-01-22T13:56:46","slug":"about","status":"publish","type":"page","link":"http:\/\/www.toppariaudit.fi\/svenska\/?page_id=2","title":{"rendered":"F\u00f6retag"},"content":{"rendered":"<p>Revisionsverksamheten har p\u00e5b\u00f6rjats 2008 i Esbo. Inriktningen \u00e4r \u00e4garledda f\u00f6retag samt bostadsaktiebolag.<\/p>\n<table border=\"0\" cellspacing=\"4\" align=\"left\">\n<tbody>\n<tr>\n<td><img decoding=\"async\" src=\"http:\/\/www.toppariaudit.fi\/suomeksi\/wp-content\/uploads\/2008\/12\/kuvajt.jpg\" alt=\"\" \/><\/td>\n<\/tr>\n<\/tbody>\n<\/table>\n<h2>Jan Toppari<\/h2>\n<p>CGR -revisor<\/p>\n<p>CIA -intern revisor<\/p>\n<p>HBR -revisor<\/p>\n<p>Ekonomie Magister fr\u00e5n Hanken<\/p>\n<p>Grundade egen revisionsbyr\u00e5 2008. F\u00f6re f\u00f6retagsverksamheten arbetat p\u00e5 bolag s\u00e5som Fortum, Nortel (UK), KPMG, Konecranes och Volvo.<\/p>\n<div><\/div>\n","protected":false},"excerpt":{"rendered":"<p>Revisionsverksamheten har p\u00e5b\u00f6rjats 2008 i Esbo. Inriktningen \u00e4r \u00e4garledda f\u00f6retag samt bostadsaktiebolag. Jan Toppari CGR -revisor CIA -intern revisor HBR -revisor Ekonomie Magister fr\u00e5n Hanken Grundade egen revisionsbyr\u00e5 2008. F\u00f6re f\u00f6retagsverksamheten arbetat p\u00e5 bolag s\u00e5som Fortum, Nortel (UK), KPMG, Konecranes och Volvo.<\/p>\n","protected":false},"author":1,"featured_media":0,"parent":0,"menu_order":1,"comment_status":"closed","ping_status":"closed","template":"","meta":[],"_links":{"self":[{"href":"http:\/\/www.toppariaudit.fi\/svenska\/index.php?rest_route=\/wp\/v2\/pages\/2"}],"collection":[{"href":"http:\/\/www.toppariaudit.fi\/svenska\/index.php?rest_route=\/wp\/v2\/pages"}],"about":[{"href":"http:\/\/www.toppariaudit.fi\/svenska\/index.php?rest_route=\/wp\/v2\/types\/page"}],"author":[{"embeddable":true,"href":"http:\/\/www.toppariaudit.fi\/svenska\/index.php?rest_route=\/wp\/v2\/users\/1"}],"replies":[{"embeddable":true,"href":"http:\/\/www.toppariaudit.fi\/svenska\/index.php?rest_route=%2Fwp%2Fv2%2Fcomments&post=2"}],"version-history":[{"count":24,"href":"http:\/\/www.toppariaudit.fi\/svenska\/index.php?rest_route=\/wp\/v2\/pages\/2\/revisions"}],"predecessor-version":[{"id":227,"href":"http:\/\/www.toppariaudit.fi\/svenska\/index.php?rest_route=\/wp\/v2\/pages\/2\/revisions\/227"}],"wp:attachment":[{"href":"http:\/\/www.toppariaudit.fi\/svenska\/index.php?rest_route=%2Fwp%2Fv2%2Fmedia&parent=2"}],"curies":[{"name":"wp","href":"https:\/\/api.w.org\/{rel}","templated":true}]}}